{"id":847,"date":"2015-08-19T16:49:11","date_gmt":"2015-08-19T15:49:11","guid":{"rendered":"http:\/\/www.sanktjohanser.eu\/?page_id=847"},"modified":"2015-08-19T17:00:05","modified_gmt":"2015-08-19T16:00:05","slug":"beds","status":"publish","type":"page","link":"https:\/\/www.sanktjohanser.net\/en\/beds\/","title":{"rendered":"beds"},"content":{"rendered":"<div class='portfolio_outer'><div class='portfolio_holder portfolio_holder_v3'><article class='element h-beds '><div class='article_inner'><div class='image'><img loading=\"lazy\" decoding=\"async\" width=\"1713\" height=\"1141\" src=\"https:\/\/www.sanktjohanser.net\/wp-content\/files\/unisono\/unisono.jpg\" class=\"attachment-post-thumbnail size-post-thumbnail wp-post-image\" alt=\"\" srcset=\"https:\/\/www.sanktjohanser.net\/wp-content\/files\/unisono\/unisono.jpg 1713w, https:\/\/www.sanktjohanser.net\/wp-content\/files\/unisono\/unisono-300x200.jpg 300w, https:\/\/www.sanktjohanser.net\/wp-content\/files\/unisono\/unisono-768x512.jpg 768w, https:\/\/www.sanktjohanser.net\/wp-content\/files\/unisono\/unisono-1024x682.jpg 1024w\" sizes=\"auto, (max-width: 1713px) 100vw, 1713px\" \/><\/div><h5><a href='https:\/\/www.sanktjohanser.net\/en\/products\/unisono\/' class='more'>unisono<\/a><\/h5><hr\/><p>bett in massivholz oder multiplex. mit oder ohne hohem r\u00fcckenteil. die charakteristische umlaufende ablage ist seitlich 17,5 cm breit, am fuss-\/kopfende 12,5 cm. eine einlegetiefe von 12 cm erm\u00f6glicht den einsatz von starken matratzen. durch die zur\u00fcckliegende schlanken rundbeine schwebt das bett und vereint komfort und leichtigkeit.<\/p><a class=\"view button tiny\" href=\"https:\/\/www.sanktjohanser.net\/en\/products\/unisono\/\">View<\/a><a href='https:\/\/www.sanktjohanser.net\/en\/products\/unisono\/' class='fake_link'>&nbsp;<\/a><\/div><div class='separator'><\/div><\/article><article class='element h-beds j-sofas-en '><div class='article_inner'><div class='image'><img loading=\"lazy\" decoding=\"async\" width=\"620\" height=\"413\" src=\"https:\/\/www.sanktjohanser.net\/wp-content\/files\/iku-s\/ikus.jpg\" class=\"attachment-post-thumbnail size-post-thumbnail wp-post-image\" alt=\"\" srcset=\"https:\/\/www.sanktjohanser.net\/wp-content\/files\/iku-s\/ikus.jpg 620w, https:\/\/www.sanktjohanser.net\/wp-content\/files\/iku-s\/ikus-300x200.jpg 300w\" sizes=\"auto, (max-width: 620px) 100vw, 620px\" \/><\/div><h5><a href='https:\/\/www.sanktjohanser.net\/en\/products\/iku-s\/' class='more'>iku s<\/a><\/h5><hr\/><p>bett, stapelbett, tagesliege.  in massivholz oder multiplex. der stumpf gestossene holzrahmen ist 6 cm breit und mit der matratze aussen b\u00fcndig. ein fest integrierter rost gew\u00e4hrleistet guten sitz- und liegekomfort (oberkante rahmen 26 cm). in der ausf\u00fchrung iku s+\nals stappelbett erh\u00e4ltlich. gestapelt ergeben die oben aufliegenden matratzen eine sitzh\u00f6he von 43 cm und sind mit einer husse erh\u00e4ltlich (oberkante rahmen 18,5cm). eine schlafauflage aus dickem wollflies findet in einem kissen platz. einsteckbare lehnenwinkel und polsterkuben. material ahorn, birke, buche, eiche, kirsche, nuss, weiss oder schwarz beschichtet. <\/p><a class=\"view button tiny\" href=\"https:\/\/www.sanktjohanser.net\/en\/products\/iku-s\/\">View<\/a><a href='https:\/\/www.sanktjohanser.net\/en\/products\/iku-s\/' class='fake_link'>&nbsp;<\/a><\/div><div class='separator'><\/div><\/article><article class='element h-beds '><div class='article_inner'><div class='image'><img loading=\"lazy\" decoding=\"async\" width=\"620\" height=\"413\" src=\"https:\/\/www.sanktjohanser.net\/wp-content\/files\/bezwei\/bezwei.jpg\" class=\"attachment-post-thumbnail size-post-thumbnail wp-post-image\" alt=\"\" srcset=\"https:\/\/www.sanktjohanser.net\/wp-content\/files\/bezwei\/bezwei.jpg 620w, https:\/\/www.sanktjohanser.net\/wp-content\/files\/bezwei\/bezwei-300x200.jpg 300w\" sizes=\"auto, (max-width: 620px) 100vw, 620px\" \/><\/div><h5><a href='https:\/\/www.sanktjohanser.net\/en\/products\/bezwei\/' class='more'>bezwei<\/a><\/h5><hr\/><p>phenakite (gr.), cloudy colorless mineral (be2). b2, federal highway leading from garmisch-partenkirchen via munich and donauw\u00f6rth to berlin. our second bed design. bezwei. for two.\n<\/p><a class=\"view button tiny\" href=\"https:\/\/www.sanktjohanser.net\/en\/products\/bezwei\/\">View<\/a><a href='https:\/\/www.sanktjohanser.net\/en\/products\/bezwei\/' class='fake_link'>&nbsp;<\/a><\/div><div class='separator'><\/div><\/article><article class='element h-beds '><div class='article_inner'><div class='image'><img loading=\"lazy\" decoding=\"async\" width=\"620\" height=\"413\" src=\"https:\/\/www.sanktjohanser.net\/wp-content\/files\/dinadrei\/dinadrei.jpg\" class=\"attachment-post-thumbnail size-post-thumbnail wp-post-image\" alt=\"\" srcset=\"https:\/\/www.sanktjohanser.net\/wp-content\/files\/dinadrei\/dinadrei.jpg 620w, https:\/\/www.sanktjohanser.net\/wp-content\/files\/dinadrei\/dinadrei-300x200.jpg 300w\" sizes=\"auto, (max-width: 620px) 100vw, 620px\" \/><\/div><h5><a href='https:\/\/www.sanktjohanser.net\/en\/products\/dinadrei\/' class='more'>dinadrei<\/a><\/h5><hr\/><p>term for an oversized paper format commonly used in europe (dina3): 297 x 420 mm (bxl).fold. a horizontal z. two apparently floating surfaces between the header and footer.  <\/p><a class=\"view button tiny\" href=\"https:\/\/www.sanktjohanser.net\/en\/products\/dinadrei\/\">View<\/a><a href='https:\/\/www.sanktjohanser.net\/en\/products\/dinadrei\/' class='fake_link'>&nbsp;<\/a><\/div><div class='separator'><\/div><\/article><article class='element h-beds j-sofas-en '><div class='article_inner'><div class='image'><img loading=\"lazy\" decoding=\"async\" width=\"620\" height=\"413\" src=\"https:\/\/www.sanktjohanser.net\/wp-content\/files\/salto\/salto.jpg\" class=\"attachment-post-thumbnail size-post-thumbnail wp-post-image\" alt=\"\" srcset=\"https:\/\/www.sanktjohanser.net\/wp-content\/files\/salto\/salto.jpg 620w, https:\/\/www.sanktjohanser.net\/wp-content\/files\/salto\/salto-300x200.jpg 300w\" sizes=\"auto, (max-width: 620px) 100vw, 620px\" \/><\/div><h5><a href='https:\/\/www.sanktjohanser.net\/en\/products\/salto\/' class='more'>salto<\/a><\/h5><hr\/><p>entlehnt aus dem ital. salto: sprung, diese aus dem l. saltus: springen, h\u00fcpfen. salto steht f\u00fcr die \u00e4sthetik der \u00fcberraschenden wendung in der artistik, architektur, kunst oder kulinarik: saltimbocca, feines kalbfleisch mit rohschinken und salbei. -> aus dem ital: spring in den mund: enjoy!<\/p><a class=\"view button tiny\" href=\"https:\/\/www.sanktjohanser.net\/en\/products\/salto\/\">View<\/a><a href='https:\/\/www.sanktjohanser.net\/en\/products\/salto\/' class='fake_link'>&nbsp;<\/a><\/div><div class='separator'><\/div><\/article><article class='element h-beds j-sofas-en '><div class='article_inner'><div class='image'><img loading=\"lazy\" decoding=\"async\" width=\"620\" height=\"413\" src=\"https:\/\/www.sanktjohanser.net\/wp-content\/files\/iku\/iku.jpg\" class=\"attachment-post-thumbnail size-post-thumbnail wp-post-image\" alt=\"\" srcset=\"https:\/\/www.sanktjohanser.net\/wp-content\/files\/iku\/iku.jpg 620w, https:\/\/www.sanktjohanser.net\/wp-content\/files\/iku\/iku-300x200.jpg 300w\" sizes=\"auto, (max-width: 620px) 100vw, 620px\" \/><\/div><h5><a href='https:\/\/www.sanktjohanser.net\/en\/products\/iku\/' class='more'>iku<\/a><\/h5><hr\/><p>art word. phonetic association with IQ and japanese language and product culture. in space and head. people only exist in real time when they are asleep. (\u2192 jean baudillard, the perfect crime, matthes+seitz berlin 1996).\n<\/p><a class=\"view button tiny\" href=\"https:\/\/www.sanktjohanser.net\/en\/products\/iku\/\">View<\/a><a href='https:\/\/www.sanktjohanser.net\/en\/products\/iku\/' class='fake_link'>&nbsp;<\/a><\/div><div class='separator'><\/div><\/article><article class='element h-beds j-sofas-en '><div class='article_inner'><div class='image'><img loading=\"lazy\" decoding=\"async\" width=\"2560\" height=\"2560\" src=\"https:\/\/www.sanktjohanser.net\/wp-content\/files\/iku-hh\/SJR_0012-b-scaled-e1728670261924.jpg\" class=\"attachment-post-thumbnail size-post-thumbnail wp-post-image\" alt=\"\" \/><\/div><h5><a href='https:\/\/www.sanktjohanser.net\/en\/products\/iku-hh\/' class='more'>iku hh<\/a><\/h5><hr\/><p>design shapes our lives and our lives shape the design that touches us. You could call it an aesthetic biography. like music or smells that remind us of our childhood. like the chaise longue at granny&#8217;s, or the oven bench in the mountains.  iku hh is a sofa in solid wood or multiplex. two or three-sided backrests surround the flush-fitting mattress. an integrated grate ensures a high level of sitting and reclining comfort. frame width at least 10 cm. the recessed round legs in black or wood create a floating impression. optional upholstered cubes in various lengths.  \nconfigurator<\/p><a class=\"view button tiny\" href=\"https:\/\/www.sanktjohanser.net\/en\/products\/iku-hh\/\">View<\/a><a href='https:\/\/www.sanktjohanser.net\/en\/products\/iku-hh\/' class='fake_link'>&nbsp;<\/a><\/div><div class='separator'><\/div><\/article><article class='element h-beds j-sofas-en '><div class='article_inner'><div class='image'><img loading=\"lazy\" decoding=\"async\" width=\"620\" height=\"413\" src=\"https:\/\/www.sanktjohanser.net\/wp-content\/files\/iku7\/iku7-1.jpg\" class=\"attachment-post-thumbnail size-post-thumbnail wp-post-image\" alt=\"\" srcset=\"https:\/\/www.sanktjohanser.net\/wp-content\/files\/iku7\/iku7-1.jpg 620w, https:\/\/www.sanktjohanser.net\/wp-content\/files\/iku7\/iku7-1-300x200.jpg 300w\" sizes=\"auto, (max-width: 620px) 100vw, 620px\" \/><\/div><h5><a href='https:\/\/www.sanktjohanser.net\/en\/products\/iku7\/' class='more'>iku 7+<\/a><\/h5><hr\/><p>stapelbett, tagesliege.  in massivholz oder multiplex. der auf gehrung gearbeitete holzrahmen ist 7 cm breit und mit der matratze aussen b\u00fcndig. ein fest integrierter rost gew\u00e4hrleistet guten sitz- und liegekomfort. gestapelt ergeben die oben aufliegenden matratzen eine sitzh\u00f6he von 44 cm und sind mit husse erh\u00e4ltlich. eine schlafauflage aus dickem wollflies findet in einem kissen platz. einsteckbare ablagewinkel, lehnen-bretter und polsterkuben sind optional erh\u00e4ltlich.<\/p><a class=\"view button tiny\" href=\"https:\/\/www.sanktjohanser.net\/en\/products\/iku7\/\">View<\/a><a href='https:\/\/www.sanktjohanser.net\/en\/products\/iku7\/' class='fake_link'>&nbsp;<\/a><\/div><div class='separator'><\/div><\/article><\/div><\/div>\n","protected":false},"excerpt":{"rendered":"<p><b>stapelbett, tagesliege. <\/b> in massivholz oder multiplex. der auf gehrung gearbeitete holzrahmen ist 7 cm breit und mit der matratze aussen b\u00fcndig. ein fest integrierter rost gew\u00e4hrleistet guten sitz- und liegekomfort. gestapelt ergeben die oben aufliegenden matratzen eine sitzh\u00f6he von 44 cm und sind mit husse erh\u00e4ltlich. eine schlafauflage aus dickem wollflies findet in einem kissen platz. einsteckbare ablagewinkel, lehnen-bretter und polsterkuben sind optional erh\u00e4ltlich.<\/p>","protected":false},"author":1,"featured_media":0,"parent":0,"menu_order":0,"comment_status":"open","ping_status":"closed","template":"","meta":{"footnotes":""},"class_list":["post-847","page","type-page","status-publish","hentry"],"yoast_head":"<!-- This site is optimized with the Yoast SEO plugin v24.7 - https:\/\/yoast.com\/wordpress\/plugins\/seo\/ -->\n<title>SANKTJOHANSER | beds<\/title>\n<meta name=\"robots\" content=\"index, follow, max-snippet:-1, max-image-preview:large, max-video-preview:-1\" \/>\n<link rel=\"canonical\" href=\"https:\/\/www.sanktjohanser.net\/en\/beds\/\" \/>\n<meta property=\"og:locale\" content=\"en_US\" \/>\n<meta property=\"og:type\" content=\"article\" \/>\n<meta property=\"og:title\" content=\"SANKTJOHANSER | beds\" \/>\n<meta property=\"og:description\" content=\"stapelbett, tagesliege. in massivholz oder multiplex. der auf gehrung gearbeitete holzrahmen ist 7 cm breit und mit der matratze aussen b\u00fcndig. ein fest integrierter rost gew\u00e4hrleistet guten sitz- und liegekomfort. gestapelt ergeben die oben aufliegenden matratzen eine sitzh\u00f6he von 44 cm und sind mit husse erh\u00e4ltlich. eine schlafauflage aus dickem wollflies findet in einem kissen platz. einsteckbare ablagewinkel, lehnen-bretter und polsterkuben sind optional erh\u00e4ltlich.\" \/>\n<meta property=\"og:url\" content=\"https:\/\/www.sanktjohanser.net\/en\/beds\/\" \/>\n<meta property=\"og:site_name\" content=\"sanktjohanser\" \/>\n<meta property=\"article:modified_time\" content=\"2015-08-19T16:00:05+00:00\" \/>\n<meta name=\"twitter:card\" content=\"summary_large_image\" \/>\n<!-- \/ Yoast SEO plugin. -->","yoast_head_json":{"title":"SANKTJOHANSER | beds","robots":{"index":"index","follow":"follow","max-snippet":"max-snippet:-1","max-image-preview":"max-image-preview:large","max-video-preview":"max-video-preview:-1"},"canonical":"https:\/\/www.sanktjohanser.net\/en\/beds\/","og_locale":"en_US","og_type":"article","og_title":"SANKTJOHANSER | beds","og_description":"stapelbett, tagesliege. in massivholz oder multiplex. der auf gehrung gearbeitete holzrahmen ist 7 cm breit und mit der matratze aussen b\u00fcndig. ein fest integrierter rost gew\u00e4hrleistet guten sitz- und liegekomfort. gestapelt ergeben die oben aufliegenden matratzen eine sitzh\u00f6he von 44 cm und sind mit husse erh\u00e4ltlich. eine schlafauflage aus dickem wollflies findet in einem kissen platz. einsteckbare ablagewinkel, lehnen-bretter und polsterkuben sind optional erh\u00e4ltlich.","og_url":"https:\/\/www.sanktjohanser.net\/en\/beds\/","og_site_name":"sanktjohanser","article_modified_time":"2015-08-19T16:00:05+00:00","twitter_card":"summary_large_image","schema":{"@context":"https:\/\/schema.org","@graph":[{"@type":"WebPage","@id":"https:\/\/www.sanktjohanser.net\/en\/beds\/","url":"https:\/\/www.sanktjohanser.net\/en\/beds\/","name":"SANKTJOHANSER | beds","isPartOf":{"@id":"https:\/\/www.sanktjohanser.net\/en\/#website"},"datePublished":"2015-08-19T15:49:11+00:00","dateModified":"2015-08-19T16:00:05+00:00","breadcrumb":{"@id":"https:\/\/www.sanktjohanser.net\/en\/beds\/#breadcrumb"},"inLanguage":"en-US","potentialAction":[{"@type":"ReadAction","target":["https:\/\/www.sanktjohanser.net\/en\/beds\/"]}]},{"@type":"BreadcrumbList","@id":"https:\/\/www.sanktjohanser.net\/en\/beds\/#breadcrumb","itemListElement":[{"@type":"ListItem","position":1,"name":"Home","item":"https:\/\/www.sanktjohanser.net\/en\/"},{"@type":"ListItem","position":2,"name":"beds"}]},{"@type":"WebSite","@id":"https:\/\/www.sanktjohanser.net\/en\/#website","url":"https:\/\/www.sanktjohanser.net\/en\/","name":"sanktjohanser","description":"2020","publisher":{"@id":"https:\/\/www.sanktjohanser.net\/en\/#organization"},"potentialAction":[{"@type":"SearchAction","target":{"@type":"EntryPoint","urlTemplate":"https:\/\/www.sanktjohanser.net\/en\/?s={search_term_string}"},"query-input":{"@type":"PropertyValueSpecification","valueRequired":true,"valueName":"search_term_string"}}],"inLanguage":"en-US"},{"@type":"Organization","@id":"https:\/\/www.sanktjohanser.net\/en\/#organization","name":"Sanktjohanser Hubert und Matthias GbR","url":"https:\/\/www.sanktjohanser.net\/en\/","logo":{"@type":"ImageObject","inLanguage":"en-US","@id":"https:\/\/www.sanktjohanser.net\/en\/#\/schema\/logo\/image\/","url":"https:\/\/www.sanktjohanser.net\/wp-content\/files\/sanktjohanser_schriftzug.svg","contentUrl":"https:\/\/www.sanktjohanser.net\/wp-content\/files\/sanktjohanser_schriftzug.svg","width":1,"height":1,"caption":"Sanktjohanser Hubert und Matthias GbR"},"image":{"@id":"https:\/\/www.sanktjohanser.net\/en\/#\/schema\/logo\/image\/"},"sameAs":["https:\/\/www.instagram.com\/kollektion_sanktjohanser\/"]}]}},"_links":{"self":[{"href":"https:\/\/www.sanktjohanser.net\/en\/wp-json\/wp\/v2\/pages\/847","targetHints":{"allow":["GET"]}}],"collection":[{"href":"https:\/\/www.sanktjohanser.net\/en\/wp-json\/wp\/v2\/pages"}],"about":[{"href":"https:\/\/www.sanktjohanser.net\/en\/wp-json\/wp\/v2\/types\/page"}],"author":[{"embeddable":true,"href":"https:\/\/www.sanktjohanser.net\/en\/wp-json\/wp\/v2\/users\/1"}],"replies":[{"embeddable":true,"href":"https:\/\/www.sanktjohanser.net\/en\/wp-json\/wp\/v2\/comments?post=847"}],"version-history":[{"count":0,"href":"https:\/\/www.sanktjohanser.net\/en\/wp-json\/wp\/v2\/pages\/847\/revisions"}],"wp:attachment":[{"href":"https:\/\/www.sanktjohanser.net\/en\/wp-json\/wp\/v2\/media?parent=847"}],"curies":[{"name":"wp","href":"https:\/\/api.w.org\/{rel}","templated":true}]}}