{"id":859,"date":"2015-08-19T17:03:51","date_gmt":"2015-08-19T16:03:51","guid":{"rendered":"http:\/\/www.sanktjohanser.eu\/?page_id=859"},"modified":"2015-08-19T17:04:44","modified_gmt":"2015-08-19T16:04:44","slug":"sidetables","status":"publish","type":"page","link":"https:\/\/www.sanktjohanser.net\/en\/sidetables\/","title":{"rendered":"sidetables"},"content":{"rendered":"<div class='portfolio_outer'><div class='portfolio_holder portfolio_holder_v3'><article class='element b-sidetables '><div class='article_inner'><div class='image'><img loading=\"lazy\" decoding=\"async\" width=\"620\" height=\"413\" src=\"https:\/\/www.sanktjohanser.net\/wp-content\/files\/annex\/annex.jpg\" class=\"attachment-post-thumbnail size-post-thumbnail wp-post-image\" alt=\"\" srcset=\"https:\/\/www.sanktjohanser.net\/wp-content\/files\/annex\/annex.jpg 620w, https:\/\/www.sanktjohanser.net\/wp-content\/files\/annex\/annex-300x200.jpg 300w\" sizes=\"auto, (max-width: 620px) 100vw, 620px\" \/><\/div><h5><a href='https:\/\/www.sanktjohanser.net\/en\/products\/annex\/' class='more'>annex<\/a><\/h5><hr\/><p>roll container.  multiplex coated, solid core black or white. annex is available with a drawer, revolving door or with a shelf. In batch sizes of 5 units, annex is available as a solid core in all fenix colors.  <\/p><a class=\"view button tiny\" href=\"https:\/\/www.sanktjohanser.net\/en\/products\/annex\/\">View<\/a><a href='https:\/\/www.sanktjohanser.net\/en\/products\/annex\/' class='fake_link'>&nbsp;<\/a><\/div><div class='separator'><\/div><\/article><article class='element b-sidetables '><div class='article_inner'><div class='image'><img loading=\"lazy\" decoding=\"async\" width=\"620\" height=\"413\" src=\"https:\/\/www.sanktjohanser.net\/wp-content\/files\/matrix\/matrix.jpg\" class=\"attachment-post-thumbnail size-post-thumbnail wp-post-image\" alt=\"\" srcset=\"https:\/\/www.sanktjohanser.net\/wp-content\/files\/matrix\/matrix.jpg 620w, https:\/\/www.sanktjohanser.net\/wp-content\/files\/matrix\/matrix-300x200.jpg 300w\" sizes=\"auto, (max-width: 620px) 100vw, 620px\" \/><\/div><h5><a href='https:\/\/www.sanktjohanser.net\/en\/products\/matrix\/' class='more'>matrix<\/a><\/h5><hr\/><p>grundsubstanz, keimschicht, schema. in der mathematik bez. f\u00fcr ein system von gr\u00f6ssen, die in einem rechteckigen schema angeordnet sind. zur poesie des rechten winkels in fl\u00e4che und volumen. \r\n<\/p><a class=\"view button tiny\" href=\"https:\/\/www.sanktjohanser.net\/en\/products\/matrix\/\">View<\/a><a href='https:\/\/www.sanktjohanser.net\/en\/products\/matrix\/' class='fake_link'>&nbsp;<\/a><\/div><div class='separator'><\/div><\/article><article class='element b-sidetables '><div class='article_inner'><div class='image'><img loading=\"lazy\" decoding=\"async\" width=\"620\" height=\"413\" src=\"https:\/\/www.sanktjohanser.net\/wp-content\/files\/loft\/loft.jpg\" class=\"attachment-post-thumbnail size-post-thumbnail wp-post-image\" alt=\"\" srcset=\"https:\/\/www.sanktjohanser.net\/wp-content\/files\/loft\/loft.jpg 620w, https:\/\/www.sanktjohanser.net\/wp-content\/files\/loft\/loft-300x200.jpg 300w\" sizes=\"auto, (max-width: 620px) 100vw, 620px\" \/><\/div><h5><a href='https:\/\/www.sanktjohanser.net\/en\/products\/loft\/' class='more'>loft<\/a><\/h5><hr\/><p>engl. dachboden, speicher. seit den 40er jahren wurden alte fabrikgeb\u00e4ude von k\u00fcnstlern und freiberuflern als g\u00fcnstige wohn-und atelierr\u00e4ume genutzt. die damit verbundene kreative raumathosph\u00e4re dient der immobilienwirtschaft heute als gesch\u00e4ftsmodell f\u00fcr grossz\u00fcgiges wohnen. unser loft ist wegen seinem ausziehbaren riesenbalkon jedoch unvergleichbar. und g\u00fcnstiger.<\/p><a class=\"view button tiny\" href=\"https:\/\/www.sanktjohanser.net\/en\/products\/loft\/\">View<\/a><a href='https:\/\/www.sanktjohanser.net\/en\/products\/loft\/' class='fake_link'>&nbsp;<\/a><\/div><div class='separator'><\/div><\/article><article class='element b-sidetables '><div class='article_inner'><div class='image'><img loading=\"lazy\" decoding=\"async\" width=\"620\" height=\"413\" src=\"https:\/\/www.sanktjohanser.net\/wp-content\/files\/flat\/flat.jpg\" class=\"attachment-post-thumbnail size-post-thumbnail wp-post-image\" alt=\"\" srcset=\"https:\/\/www.sanktjohanser.net\/wp-content\/files\/flat\/flat.jpg 620w, https:\/\/www.sanktjohanser.net\/wp-content\/files\/flat\/flat-300x200.jpg 300w\" sizes=\"auto, (max-width: 620px) 100vw, 620px\" \/><\/div><h5><a href='https:\/\/www.sanktjohanser.net\/en\/products\/flat\/' class='more'>flat<\/a><\/h5><hr\/><p>engl., flach, platt, eben (adj.), wohnung (sn), zumeist eingeschossiges appartment. (\u2192 loft).versetzte wandscheiben. raumgef\u00fcge, durchblicke,  ausblicke. grundrisstypologien der moderne. \r\n<\/p><a class=\"view button tiny\" href=\"https:\/\/www.sanktjohanser.net\/en\/products\/flat\/\">View<\/a><a href='https:\/\/www.sanktjohanser.net\/en\/products\/flat\/' class='fake_link'>&nbsp;<\/a><\/div><div class='separator'><\/div><\/article><article class='element b-sidetables '><div class='article_inner'><div class='image'><img loading=\"lazy\" decoding=\"async\" width=\"620\" height=\"413\" src=\"https:\/\/www.sanktjohanser.net\/wp-content\/files\/depot-x\/depot-x.jpg\" class=\"attachment-post-thumbnail size-post-thumbnail wp-post-image\" alt=\"\" srcset=\"https:\/\/www.sanktjohanser.net\/wp-content\/files\/depot-x\/depot-x.jpg 620w, https:\/\/www.sanktjohanser.net\/wp-content\/files\/depot-x\/depot-x-300x200.jpg 300w\" sizes=\"auto, (max-width: 620px) 100vw, 620px\" \/><\/div><h5><a href='https:\/\/www.sanktjohanser.net\/en\/products\/depot-x\/' class='more'>depot x<\/a><\/h5><hr\/><p>entlehnt aus frz. depot, das auf depo-situm zur\u00fcckgeht, einer substantivierung des ppp von l. deponere: niederlegen, einlagern. der mensch als depot seiner eigenen geschichte.<\/p><a class=\"view button tiny\" href=\"https:\/\/www.sanktjohanser.net\/en\/products\/depot-x\/\">View<\/a><a href='https:\/\/www.sanktjohanser.net\/en\/products\/depot-x\/' class='fake_link'>&nbsp;<\/a><\/div><div class='separator'><\/div><\/article><article class='element c-seating-furniture d-shelves b-sidetables '><div class='article_inner'><div class='image'><img loading=\"lazy\" decoding=\"async\" width=\"1024\" height=\"819\" src=\"https:\/\/www.sanktjohanser.net\/wp-content\/files\/social_cube-2.jpg\" class=\"attachment-post-thumbnail size-post-thumbnail wp-post-image\" alt=\"\" srcset=\"https:\/\/www.sanktjohanser.net\/wp-content\/files\/social_cube-2.jpg 1024w, https:\/\/www.sanktjohanser.net\/wp-content\/files\/social_cube-2-300x240.jpg 300w\" sizes=\"auto, (max-width: 1024px) 100vw, 1024px\" \/><\/div><h5><a href='https:\/\/www.sanktjohanser.net\/en\/products\/social-cube\/' class='more'>social cube<\/a><\/h5><hr\/><p>kunstwort. verschiedene aber doch \u00e4hnliche k\u00f6rper haben einen gemeinsamen auftritt. wie ein mehrstimmiger vocalgesang. das ganze ist mehr als die summe der einzelteile\/stimmen. siehe auch -> buena vista social club.<\/p><a class=\"view button tiny\" href=\"https:\/\/www.sanktjohanser.net\/en\/products\/social-cube\/\">View<\/a><a href='https:\/\/www.sanktjohanser.net\/en\/products\/social-cube\/' class='fake_link'>&nbsp;<\/a><\/div><div class='separator'><\/div><\/article><article class='element c-seating-furniture b-sidetables '><div class='article_inner'><div class='image'><img loading=\"lazy\" decoding=\"async\" width=\"620\" height=\"413\" src=\"https:\/\/www.sanktjohanser.net\/wp-content\/files\/relikt\/relikt.jpg\" class=\"attachment-post-thumbnail size-post-thumbnail wp-post-image\" alt=\"\" srcset=\"https:\/\/www.sanktjohanser.net\/wp-content\/files\/relikt\/relikt.jpg 620w, https:\/\/www.sanktjohanser.net\/wp-content\/files\/relikt\/relikt-300x200.jpg 300w\" sizes=\"auto, (max-width: 620px) 100vw, 620px\" \/><\/div><h5><a href='https:\/\/www.sanktjohanser.net\/en\/products\/relikt\/' class='more'>relikt<\/a><\/h5><hr\/><p>entlehnt aus dem l. relictum \u201edas \u00fcbrig gelassene\u201c. in der wissenschaft das letzte exemplar einer vormaligen zeit. als wesentliches gegenw\u00e4rtig war und es noch einfache kisten gab. <\/p><a class=\"view button tiny\" href=\"https:\/\/www.sanktjohanser.net\/en\/products\/relikt\/\">View<\/a><a href='https:\/\/www.sanktjohanser.net\/en\/products\/relikt\/' class='fake_link'>&nbsp;<\/a><\/div><div class='separator'><\/div><\/article><article class='element b-sidetables '><div class='article_inner'><div class='image'><img loading=\"lazy\" decoding=\"async\" width=\"620\" height=\"413\" src=\"https:\/\/www.sanktjohanser.net\/wp-content\/files\/pi\/pi.jpg\" class=\"attachment-post-thumbnail size-post-thumbnail wp-post-image\" alt=\"\" srcset=\"https:\/\/www.sanktjohanser.net\/wp-content\/files\/pi\/pi.jpg 620w, https:\/\/www.sanktjohanser.net\/wp-content\/files\/pi\/pi-300x200.jpg 300w\" sizes=\"auto, (max-width: 620px) 100vw, 620px\" \/><\/div><h5><a href='https:\/\/www.sanktjohanser.net\/en\/products\/pi\/' class='more'>pi<\/a><\/h5><hr\/><p>verh\u00e4ltnis des kreisumfangs zum durchmesser. unendlicher dezimalbruch. dass dieses verh\u00e4ltnis beim kreis immer identisch ist, verstehen wir als mathematischen beweis f\u00fcr die unerreichte vollkommenheit der kreisform. mit einer ausnahme: der form des nichts. <\/p><a class=\"view button tiny\" href=\"https:\/\/www.sanktjohanser.net\/en\/products\/pi\/\">View<\/a><a href='https:\/\/www.sanktjohanser.net\/en\/products\/pi\/' class='fake_link'>&nbsp;<\/a><\/div><div class='separator'><\/div><\/article><article class='element c-seating-furniture d-shelves b-sidetables '><div class='article_inner'><div class='image'><img loading=\"lazy\" decoding=\"async\" width=\"620\" height=\"413\" src=\"https:\/\/www.sanktjohanser.net\/wp-content\/files\/basic\/basic-1-1.jpg\" class=\"attachment-post-thumbnail size-post-thumbnail wp-post-image\" alt=\"\" srcset=\"https:\/\/www.sanktjohanser.net\/wp-content\/files\/basic\/basic-1-1.jpg 620w, https:\/\/www.sanktjohanser.net\/wp-content\/files\/basic\/basic-1-1-300x200.jpg 300w\" sizes=\"auto, (max-width: 620px) 100vw, 620px\" \/><\/div><h5><a href='https:\/\/www.sanktjohanser.net\/en\/products\/basic\/' class='more'>basic<\/a><\/h5><hr\/><p>universal furniture.  multiplex white or black, multiplex oak and solid oak. basic can be used in a variety of ways and changes its functions as the user&#8217;s requirements change. coffee table, coat rack, bench, storage table, stacking or wall shelf. basic consists of four different modular elements that can be combined to form a volume. basic s, m, l and t. basic is simply stacked as a shelf and allows a wide variety of arrangements. basic s, m and l are equipped with an option for wall mounting and a shelf.  <\/p><a class=\"view button tiny\" href=\"https:\/\/www.sanktjohanser.net\/en\/products\/basic\/\">View<\/a><a href='https:\/\/www.sanktjohanser.net\/en\/products\/basic\/' class='fake_link'>&nbsp;<\/a><\/div><div class='separator'><\/div><\/article><article class='element b-sidetables a-tables '><div class='article_inner'><div class='image'><img loading=\"lazy\" decoding=\"async\" width=\"2560\" height=\"1707\" src=\"https:\/\/www.sanktjohanser.net\/wp-content\/files\/euklid\/SJR_0038-1-scaled.jpg\" class=\"attachment-post-thumbnail size-post-thumbnail wp-post-image\" alt=\"\" srcset=\"https:\/\/www.sanktjohanser.net\/wp-content\/files\/euklid\/SJR_0038-1-scaled.jpg 2560w, https:\/\/www.sanktjohanser.net\/wp-content\/files\/euklid\/SJR_0038-1-300x200.jpg 300w, https:\/\/www.sanktjohanser.net\/wp-content\/files\/euklid\/SJR_0038-1-1024x683.jpg 1024w, https:\/\/www.sanktjohanser.net\/wp-content\/files\/euklid\/SJR_0038-1-768x512.jpg 768w, https:\/\/www.sanktjohanser.net\/wp-content\/files\/euklid\/SJR_0038-1-1536x1024.jpg 1536w, https:\/\/www.sanktjohanser.net\/wp-content\/files\/euklid\/SJR_0038-1-2048x1366.jpg 2048w\" sizes=\"auto, (max-width: 2560px) 100vw, 2560px\" \/><\/div><h5><a href='https:\/\/www.sanktjohanser.net\/en\/products\/euklid\/' class='more'>euklid<\/a><\/h5><hr\/><p>striking differences separate things. small differences sometimes create complex connections that initially defy description. the eye understands them immediately.    euklid is a family of tables in solid wood whose appearance is characterized by a subtle interplay of simple joints of surfaces. the table top is round &#8216;R&#8217; or square &#8216;Q&#8217;. the frame is cross-shaped &#8216;X&#8217; or in two variants of a t-shaped base: the cantilever sits centrally on the bulkhead &#8216;L&#8217;, or the bulkhead sits centrally on the cantilever &#8216;T&#8217;. heights and dimensions are freely selectable.     \nconfigurator<\/p><a class=\"view button tiny\" href=\"https:\/\/www.sanktjohanser.net\/en\/products\/euklid\/\">View<\/a><a href='https:\/\/www.sanktjohanser.net\/en\/products\/euklid\/' class='fake_link'>&nbsp;<\/a><\/div><div class='separator'><\/div><\/article><\/div><\/div>\n","protected":false},"excerpt":{"rendered":"<p><b>striking differences separate things. small differences sometimes create complex connections that initially defy description. the eye understands them immediately.  <\/b>  euklid is a family of tables in solid wood whose appearance is characterized by a subtle interplay of simple joints of surfaces. the table top is round &#8216;R&#8217; or square &#8216;Q&#8217;. the frame is cross-shaped &#8216;X&#8217; or in two variants of a t-shaped base: the cantilever sits centrally on the bulkhead &#8216;L&#8217;, or the bulkhead sits centrally on the cantilever &#8216;T&#8217;. heights and dimensions are freely selectable.     <\/p>\n<p><a href=\"https:\/\/configurator.sanktjohanser.net\/#euklid\" target=\"_blank\" rel=\"noopener noreferrer\" style=\"font-size:13px; font-weight:600\">configurator<\/a><\/p>","protected":false},"author":1,"featured_media":0,"parent":0,"menu_order":0,"comment_status":"open","ping_status":"closed","template":"","meta":{"footnotes":""},"class_list":["post-859","page","type-page","status-publish","hentry"],"yoast_head":"<!-- This site is optimized with the Yoast SEO plugin v24.7 - https:\/\/yoast.com\/wordpress\/plugins\/seo\/ -->\n<title>SANKTJOHANSER | sidetables<\/title>\n<meta name=\"robots\" content=\"index, follow, max-snippet:-1, max-image-preview:large, max-video-preview:-1\" \/>\n<link rel=\"canonical\" href=\"https:\/\/www.sanktjohanser.net\/en\/sidetables\/\" \/>\n<meta property=\"og:locale\" content=\"en_US\" \/>\n<meta property=\"og:type\" content=\"article\" \/>\n<meta property=\"og:title\" content=\"SANKTJOHANSER | sidetables\" \/>\n<meta property=\"og:description\" content=\"striking differences separate things. small differences sometimes create complex connections that initially defy description. the eye understands them immediately.  euklid is a family of tables in solid wood whose appearance is characterized by a subtle interplay of simple joints of surfaces. the table top is round &#8216;R&#8217; or square &#8216;Q&#8217;. the frame is cross-shaped &#8216;X&#8217; or in two variants of a t-shaped base: the cantilever sits centrally on the bulkhead &#8216;L&#8217;, or the bulkhead sits centrally on the cantilever &#8216;T&#8217;. heights and dimensions are freely selectable.   configurator\" \/>\n<meta property=\"og:url\" content=\"https:\/\/www.sanktjohanser.net\/en\/sidetables\/\" \/>\n<meta property=\"og:site_name\" content=\"sanktjohanser\" \/>\n<meta property=\"article:modified_time\" content=\"2015-08-19T16:04:44+00:00\" \/>\n<meta name=\"twitter:card\" content=\"summary_large_image\" \/>\n<!-- \/ Yoast SEO plugin. -->","yoast_head_json":{"title":"SANKTJOHANSER | sidetables","robots":{"index":"index","follow":"follow","max-snippet":"max-snippet:-1","max-image-preview":"max-image-preview:large","max-video-preview":"max-video-preview:-1"},"canonical":"https:\/\/www.sanktjohanser.net\/en\/sidetables\/","og_locale":"en_US","og_type":"article","og_title":"SANKTJOHANSER | sidetables","og_description":"striking differences separate things. small differences sometimes create complex connections that initially defy description. the eye understands them immediately.  euklid is a family of tables in solid wood whose appearance is characterized by a subtle interplay of simple joints of surfaces. the table top is round &#8216;R&#8217; or square &#8216;Q&#8217;. the frame is cross-shaped &#8216;X&#8217; or in two variants of a t-shaped base: the cantilever sits centrally on the bulkhead &#8216;L&#8217;, or the bulkhead sits centrally on the cantilever &#8216;T&#8217;. heights and dimensions are freely selectable.   configurator","og_url":"https:\/\/www.sanktjohanser.net\/en\/sidetables\/","og_site_name":"sanktjohanser","article_modified_time":"2015-08-19T16:04:44+00:00","twitter_card":"summary_large_image","schema":{"@context":"https:\/\/schema.org","@graph":[{"@type":"WebPage","@id":"https:\/\/www.sanktjohanser.net\/en\/sidetables\/","url":"https:\/\/www.sanktjohanser.net\/en\/sidetables\/","name":"SANKTJOHANSER | sidetables","isPartOf":{"@id":"https:\/\/www.sanktjohanser.net\/en\/#website"},"datePublished":"2015-08-19T16:03:51+00:00","dateModified":"2015-08-19T16:04:44+00:00","breadcrumb":{"@id":"https:\/\/www.sanktjohanser.net\/en\/sidetables\/#breadcrumb"},"inLanguage":"en-US","potentialAction":[{"@type":"ReadAction","target":["https:\/\/www.sanktjohanser.net\/en\/sidetables\/"]}]},{"@type":"BreadcrumbList","@id":"https:\/\/www.sanktjohanser.net\/en\/sidetables\/#breadcrumb","itemListElement":[{"@type":"ListItem","position":1,"name":"Home","item":"https:\/\/www.sanktjohanser.net\/en\/"},{"@type":"ListItem","position":2,"name":"sidetables"}]},{"@type":"WebSite","@id":"https:\/\/www.sanktjohanser.net\/en\/#website","url":"https:\/\/www.sanktjohanser.net\/en\/","name":"sanktjohanser","description":"2020","publisher":{"@id":"https:\/\/www.sanktjohanser.net\/en\/#organization"},"potentialAction":[{"@type":"SearchAction","target":{"@type":"EntryPoint","urlTemplate":"https:\/\/www.sanktjohanser.net\/en\/?s={search_term_string}"},"query-input":{"@type":"PropertyValueSpecification","valueRequired":true,"valueName":"search_term_string"}}],"inLanguage":"en-US"},{"@type":"Organization","@id":"https:\/\/www.sanktjohanser.net\/en\/#organization","name":"Sanktjohanser Hubert und Matthias GbR","url":"https:\/\/www.sanktjohanser.net\/en\/","logo":{"@type":"ImageObject","inLanguage":"en-US","@id":"https:\/\/www.sanktjohanser.net\/en\/#\/schema\/logo\/image\/","url":"https:\/\/www.sanktjohanser.net\/wp-content\/files\/sanktjohanser_schriftzug.svg","contentUrl":"https:\/\/www.sanktjohanser.net\/wp-content\/files\/sanktjohanser_schriftzug.svg","width":1,"height":1,"caption":"Sanktjohanser Hubert und Matthias GbR"},"image":{"@id":"https:\/\/www.sanktjohanser.net\/en\/#\/schema\/logo\/image\/"},"sameAs":["https:\/\/www.instagram.com\/kollektion_sanktjohanser\/"]}]}},"_links":{"self":[{"href":"https:\/\/www.sanktjohanser.net\/en\/wp-json\/wp\/v2\/pages\/859","targetHints":{"allow":["GET"]}}],"collection":[{"href":"https:\/\/www.sanktjohanser.net\/en\/wp-json\/wp\/v2\/pages"}],"about":[{"href":"https:\/\/www.sanktjohanser.net\/en\/wp-json\/wp\/v2\/types\/page"}],"author":[{"embeddable":true,"href":"https:\/\/www.sanktjohanser.net\/en\/wp-json\/wp\/v2\/users\/1"}],"replies":[{"embeddable":true,"href":"https:\/\/www.sanktjohanser.net\/en\/wp-json\/wp\/v2\/comments?post=859"}],"version-history":[{"count":0,"href":"https:\/\/www.sanktjohanser.net\/en\/wp-json\/wp\/v2\/pages\/859\/revisions"}],"wp:attachment":[{"href":"https:\/\/www.sanktjohanser.net\/en\/wp-json\/wp\/v2\/media?parent=859"}],"curies":[{"name":"wp","href":"https:\/\/api.w.org\/{rel}","templated":true}]}}