{"id":867,"date":"2015-08-19T17:13:43","date_gmt":"2015-08-19T16:13:43","guid":{"rendered":"http:\/\/www.sanktjohanser.eu\/?page_id=867"},"modified":"2015-08-19T17:13:43","modified_gmt":"2015-08-19T16:13:43","slug":"tables","status":"publish","type":"page","link":"https:\/\/www.sanktjohanser.net\/en\/tables\/","title":{"rendered":"tables"},"content":{"rendered":"<div class='portfolio_outer'><div class='portfolio_holder portfolio_holder_v3'><article class='element a-tables '><div class='article_inner'><div class='image'><img loading=\"lazy\" decoding=\"async\" width=\"3000\" height=\"2000\" src=\"https:\/\/www.sanktjohanser.net\/wp-content\/files\/sanktjohanser_mono-1.jpg\" class=\"attachment-post-thumbnail size-post-thumbnail wp-post-image\" alt=\"\" srcset=\"https:\/\/www.sanktjohanser.net\/wp-content\/files\/sanktjohanser_mono-1.jpg 3000w, https:\/\/www.sanktjohanser.net\/wp-content\/files\/sanktjohanser_mono-1-300x200.jpg 300w, https:\/\/www.sanktjohanser.net\/wp-content\/files\/sanktjohanser_mono-1-768x512.jpg 768w, https:\/\/www.sanktjohanser.net\/wp-content\/files\/sanktjohanser_mono-1-1024x683.jpg 1024w\" sizes=\"auto, (max-width: 3000px) 100vw, 3000px\" \/><\/div><h5><a href='https:\/\/www.sanktjohanser.net\/en\/products\/mono\/' class='more'>mono<\/a><\/h5><hr\/><p>vom gr. monos, wortbildungselement mit der bedeutung allein, einzig. die idee f\u00fcr einen entwurf nur einziges material vorzusehen, durchzieht die design- und architekturgeschichte. spannend dabei ist die resultierende bandbreite: vom mono-block gartenstuhl bis zur casa bernasconi von luigi snozzi.<\/p><a class=\"view button tiny\" href=\"https:\/\/www.sanktjohanser.net\/en\/products\/mono\/\">View<\/a><a href='https:\/\/www.sanktjohanser.net\/en\/products\/mono\/' class='fake_link'>&nbsp;<\/a><\/div><div class='separator'><\/div><\/article><article class='element a-tables '><div class='article_inner'><div class='image'><img loading=\"lazy\" decoding=\"async\" width=\"620\" height=\"413\" src=\"https:\/\/www.sanktjohanser.net\/wp-content\/files\/alphabet\/alphabet.jpg\" class=\"attachment-post-thumbnail size-post-thumbnail wp-post-image\" alt=\"\" srcset=\"https:\/\/www.sanktjohanser.net\/wp-content\/files\/alphabet\/alphabet.jpg 620w, https:\/\/www.sanktjohanser.net\/wp-content\/files\/alphabet\/alphabet-300x200.jpg 300w\" sizes=\"auto, (max-width: 620px) 100vw, 620px\" \/><\/div><h5><a href='https:\/\/www.sanktjohanser.net\/en\/products\/alphabet\/' class='more'>alphabet<\/a><\/h5><hr\/><p>table, folding table table. solid wood or multiply. table for many purposes. material thickness of legs and table top is 3 or 4 cm. the legs have a width of 15, 30, 45 or 90 cm and can be positioned in 26 different ways &#8211; 26 different tables with materialthickness of 40mm and 14 different tables with materialthickness of 30mm. as alphabet 30 one of them as folding table. as alphabet 40 four of them as folding tables. the legs are detachable.<\/p><a class=\"view button tiny\" href=\"https:\/\/www.sanktjohanser.net\/en\/products\/alphabet\/\">View<\/a><a href='https:\/\/www.sanktjohanser.net\/en\/products\/alphabet\/' class='fake_link'>&nbsp;<\/a><\/div><div class='separator'><\/div><\/article><article class='element a-tables '><div class='article_inner'><div class='image'><img loading=\"lazy\" decoding=\"async\" width=\"620\" height=\"413\" src=\"https:\/\/www.sanktjohanser.net\/wp-content\/files\/din36_slow.jpg\" class=\"attachment-post-thumbnail size-post-thumbnail wp-post-image\" alt=\"\" srcset=\"https:\/\/www.sanktjohanser.net\/wp-content\/files\/din36_slow.jpg 620w, https:\/\/www.sanktjohanser.net\/wp-content\/files\/din36_slow-300x200.jpg 300w\" sizes=\"auto, (max-width: 620px) 100vw, 620px\" \/><\/div><h5><a href='https:\/\/www.sanktjohanser.net\/en\/products\/din36\/' class='more'>din36<\/a><\/h5><hr\/><p>table, solid wood, three layers. table and legs have the same measure of 3,6 cm. the connection of the table with the legs is strengthened by steel inside the corner. din36 is delivered in one piece (seamless). On request you get it with removed legs. <\/p><a class=\"view button tiny\" href=\"https:\/\/www.sanktjohanser.net\/en\/products\/din36\/\">View<\/a><a href='https:\/\/www.sanktjohanser.net\/en\/products\/din36\/' class='fake_link'>&nbsp;<\/a><\/div><div class='separator'><\/div><\/article><article class='element a-tables '><div class='article_inner'><div class='image'><img loading=\"lazy\" decoding=\"async\" width=\"620\" height=\"413\" src=\"https:\/\/www.sanktjohanser.net\/wp-content\/files\/format\/format.jpg\" class=\"attachment-post-thumbnail size-post-thumbnail wp-post-image\" alt=\"\" srcset=\"https:\/\/www.sanktjohanser.net\/wp-content\/files\/format\/format.jpg 620w, https:\/\/www.sanktjohanser.net\/wp-content\/files\/format\/format-300x200.jpg 300w\" sizes=\"auto, (max-width: 620px) 100vw, 620px\" \/><\/div><h5><a href='https:\/\/www.sanktjohanser.net\/en\/products\/format\/' class='more'>format<\/a><\/h5><hr\/><p>entlehnt aus dem lateinischen formatum: gestaltetes, reguliertes. heute gebr\u00e4uchlich f\u00fcr: mass, normgr\u00f6sse und als bezeichnung f\u00fcr \u00fcberdurchschnittliche eigenschaften, bedeutung, innere haltung.<\/p><a class=\"view button tiny\" href=\"https:\/\/www.sanktjohanser.net\/en\/products\/format\/\">View<\/a><a href='https:\/\/www.sanktjohanser.net\/en\/products\/format\/' class='fake_link'>&nbsp;<\/a><\/div><div class='separator'><\/div><\/article><article class='element a-tables '><div class='article_inner'><div class='image'><img loading=\"lazy\" decoding=\"async\" width=\"620\" height=\"413\" src=\"https:\/\/www.sanktjohanser.net\/wp-content\/files\/excenter\/excenter.jpg\" class=\"attachment-post-thumbnail size-post-thumbnail wp-post-image\" alt=\"\" srcset=\"https:\/\/www.sanktjohanser.net\/wp-content\/files\/excenter\/excenter.jpg 620w, https:\/\/www.sanktjohanser.net\/wp-content\/files\/excenter\/excenter-300x200.jpg 300w\" sizes=\"auto, (max-width: 620px) 100vw, 620px\" \/><\/div><h5><a href='https:\/\/www.sanktjohanser.net\/en\/products\/excenter\/' class='more'>excenter<\/a><\/h5><hr\/><p>excenter abgeleitet vom dt. exzenter: scheibe mit aussermittiger drehachse. exzentrisch (adj)ungew\u00f6hnlich, abweichend. ein interessantes terrain: ph\u00e4nomene der unscheinbaren ordnung und der scheinbaren unordnung.<\/p><a class=\"view button tiny\" href=\"https:\/\/www.sanktjohanser.net\/en\/products\/excenter\/\">View<\/a><a href='https:\/\/www.sanktjohanser.net\/en\/products\/excenter\/' class='fake_link'>&nbsp;<\/a><\/div><div class='separator'><\/div><\/article><article class='element a-tables '><div class='article_inner'><div class='image'><img loading=\"lazy\" decoding=\"async\" width=\"620\" height=\"413\" src=\"https:\/\/www.sanktjohanser.net\/wp-content\/files\/areal\/areal.jpg\" class=\"attachment-post-thumbnail size-post-thumbnail wp-post-image\" alt=\"\" srcset=\"https:\/\/www.sanktjohanser.net\/wp-content\/files\/areal\/areal.jpg 620w, https:\/\/www.sanktjohanser.net\/wp-content\/files\/areal\/areal-300x200.jpg 300w\" sizes=\"auto, (max-width: 620px) 100vw, 620px\" \/><\/div><h5><a href='https:\/\/www.sanktjohanser.net\/en\/products\/areal\/' class='more'>areal<\/a><\/h5><hr\/><p>entlehnt aus dem adj. ml. arealis: zur fl\u00e4che geh\u00f6rig. zu l. area fl\u00e4che, verbreitungsgebiet bes. f\u00fcr pflanzen, tiere, sprachliche erscheinungen. ein tisch verbindet in spezifischer art und weise das \u00f6ffentliche mit dem privaten. <\/p><a class=\"view button tiny\" href=\"https:\/\/www.sanktjohanser.net\/en\/products\/areal\/\">View<\/a><a href='https:\/\/www.sanktjohanser.net\/en\/products\/areal\/' class='fake_link'>&nbsp;<\/a><\/div><div class='separator'><\/div><\/article><article class='element a-tables '><div class='article_inner'><div class='image'><img loading=\"lazy\" decoding=\"async\" width=\"620\" height=\"413\" src=\"https:\/\/www.sanktjohanser.net\/wp-content\/files\/kontext\/kontext.jpg\" class=\"attachment-post-thumbnail size-post-thumbnail wp-post-image\" alt=\"\" srcset=\"https:\/\/www.sanktjohanser.net\/wp-content\/files\/kontext\/kontext.jpg 620w, https:\/\/www.sanktjohanser.net\/wp-content\/files\/kontext\/kontext-300x200.jpg 300w\" sizes=\"auto, (max-width: 620px) 100vw, 620px\" \/><\/div><h5><a href='https:\/\/www.sanktjohanser.net\/en\/products\/kontext\/' class='more'>kontext<\/a><\/h5><hr\/><p>aus dem l. contexus. zusammensetzung, verkn\u00fcpfen, zu l. texere weben. wir verstehen gute gestaltung als ein zuammenwirken von raum, m\u00f6bel und architektur. die konkrete materialisierung der einzelnen elemente spielt f\u00fcr uns diesbez\u00fcglich eine besondere rolle. <\/p><a class=\"view button tiny\" href=\"https:\/\/www.sanktjohanser.net\/en\/products\/kontext\/\">View<\/a><a href='https:\/\/www.sanktjohanser.net\/en\/products\/kontext\/' class='fake_link'>&nbsp;<\/a><\/div><div class='separator'><\/div><\/article><article class='element a-tables '><div class='article_inner'><div class='image'><img loading=\"lazy\" decoding=\"async\" width=\"620\" height=\"413\" src=\"https:\/\/www.sanktjohanser.net\/wp-content\/files\/dinanull\/dinanull_relikt.jpg\" class=\"attachment-post-thumbnail size-post-thumbnail wp-post-image\" alt=\"\" srcset=\"https:\/\/www.sanktjohanser.net\/wp-content\/files\/dinanull\/dinanull_relikt.jpg 620w, https:\/\/www.sanktjohanser.net\/wp-content\/files\/dinanull\/dinanull_relikt-300x200.jpg 300w\" sizes=\"auto, (max-width: 620px) 100vw, 620px\" \/><\/div><h5><a href='https:\/\/www.sanktjohanser.net\/en\/products\/dinanull\/' class='more'>dinanull<\/a><\/h5><hr\/><p>dina0. papiergr\u00f6sse, die die grundlage aller anderen din-a papierformate darstellt. gewissermassen ist null ja nicht existent, sondern immer nur als eine ann\u00e4herung an sich selbst. was sie mit uns menschen verbindet. minimierung. weniger geht nicht. <\/p><a class=\"view button tiny\" href=\"https:\/\/www.sanktjohanser.net\/en\/products\/dinanull\/\">View<\/a><a href='https:\/\/www.sanktjohanser.net\/en\/products\/dinanull\/' class='fake_link'>&nbsp;<\/a><\/div><div class='separator'><\/div><\/article><article class='element a-tables '><div class='article_inner'><div class='image'><img loading=\"lazy\" decoding=\"async\" width=\"620\" height=\"413\" src=\"https:\/\/www.sanktjohanser.net\/wp-content\/files\/portfolio_page\/dinavier.jpg\" class=\"attachment-post-thumbnail size-post-thumbnail wp-post-image\" alt=\"\" srcset=\"https:\/\/www.sanktjohanser.net\/wp-content\/files\/portfolio_page\/dinavier.jpg 620w, https:\/\/www.sanktjohanser.net\/wp-content\/files\/portfolio_page\/dinavier-300x200.jpg 300w\" sizes=\"auto, (max-width: 620px) 100vw, 620px\" \/><\/div><h5><a href='https:\/\/www.sanktjohanser.net\/en\/products\/dinavier\/' class='more'>dinavier<\/a><\/h5><hr\/><p>bez. f\u00fcr das in europa gebr\u00e4uchlichste papierformat (abk.: dina4): 210 x 297 mm (b\u2009x\u2009l). vier beine, eine platte. wie striche auf dem papier. f\u00fcr uns der tisch der tische. holz oder edelstahl.<\/p><a class=\"view button tiny\" href=\"https:\/\/www.sanktjohanser.net\/en\/products\/dinavier\/\">View<\/a><a href='https:\/\/www.sanktjohanser.net\/en\/products\/dinavier\/' class='fake_link'>&nbsp;<\/a><\/div><div class='separator'><\/div><\/article><article class='element b-sidetables a-tables '><div class='article_inner'><div class='image'><img loading=\"lazy\" decoding=\"async\" width=\"2560\" height=\"1707\" src=\"https:\/\/www.sanktjohanser.net\/wp-content\/files\/euklid\/SJR_0038-1-scaled.jpg\" class=\"attachment-post-thumbnail size-post-thumbnail wp-post-image\" alt=\"\" srcset=\"https:\/\/www.sanktjohanser.net\/wp-content\/files\/euklid\/SJR_0038-1-scaled.jpg 2560w, https:\/\/www.sanktjohanser.net\/wp-content\/files\/euklid\/SJR_0038-1-300x200.jpg 300w, https:\/\/www.sanktjohanser.net\/wp-content\/files\/euklid\/SJR_0038-1-1024x683.jpg 1024w, https:\/\/www.sanktjohanser.net\/wp-content\/files\/euklid\/SJR_0038-1-768x512.jpg 768w, https:\/\/www.sanktjohanser.net\/wp-content\/files\/euklid\/SJR_0038-1-1536x1024.jpg 1536w, https:\/\/www.sanktjohanser.net\/wp-content\/files\/euklid\/SJR_0038-1-2048x1366.jpg 2048w\" sizes=\"auto, (max-width: 2560px) 100vw, 2560px\" \/><\/div><h5><a href='https:\/\/www.sanktjohanser.net\/en\/products\/euklid\/' class='more'>euklid<\/a><\/h5><hr\/><p>striking differences separate things. small differences sometimes create complex connections that initially defy description. the eye understands them immediately.    euklid is a family of tables in solid wood whose appearance is characterized by a subtle interplay of simple joints of surfaces. the table top is round &#8216;R&#8217; or square &#8216;Q&#8217;. the frame is cross-shaped &#8216;X&#8217; or in two variants of a t-shaped base: the cantilever sits centrally on the bulkhead &#8216;L&#8217;, or the bulkhead sits centrally on the cantilever &#8216;T&#8217;. heights and dimensions are freely selectable.     \nconfigurator<\/p><a class=\"view button tiny\" href=\"https:\/\/www.sanktjohanser.net\/en\/products\/euklid\/\">View<\/a><a href='https:\/\/www.sanktjohanser.net\/en\/products\/euklid\/' class='fake_link'>&nbsp;<\/a><\/div><div class='separator'><\/div><\/article><\/div><\/div>\n","protected":false},"excerpt":{"rendered":"<p><b>striking differences separate things. small differences sometimes create complex connections that initially defy description. the eye understands them immediately.  <\/b>  euklid is a family of tables in solid wood whose appearance is characterized by a subtle interplay of simple joints of surfaces. the table top is round &#8216;R&#8217; or square &#8216;Q&#8217;. the frame is cross-shaped &#8216;X&#8217; or in two variants of a t-shaped base: the cantilever sits centrally on the bulkhead &#8216;L&#8217;, or the bulkhead sits centrally on the cantilever &#8216;T&#8217;. heights and dimensions are freely selectable.     <\/p>\n<p><a href=\"https:\/\/configurator.sanktjohanser.net\/#euklid\" target=\"_blank\" rel=\"noopener noreferrer\" style=\"font-size:13px; font-weight:600\">configurator<\/a><\/p>","protected":false},"author":1,"featured_media":0,"parent":0,"menu_order":0,"comment_status":"open","ping_status":"closed","template":"","meta":{"footnotes":""},"class_list":["post-867","page","type-page","status-publish","hentry"],"yoast_head":"<!-- This site is optimized with the Yoast SEO plugin v24.7 - https:\/\/yoast.com\/wordpress\/plugins\/seo\/ -->\n<title>SANKTJOHANSER | tables<\/title>\n<meta name=\"robots\" content=\"index, follow, max-snippet:-1, max-image-preview:large, max-video-preview:-1\" \/>\n<link rel=\"canonical\" href=\"https:\/\/www.sanktjohanser.net\/en\/tables\/\" \/>\n<meta property=\"og:locale\" content=\"en_US\" \/>\n<meta property=\"og:type\" content=\"article\" \/>\n<meta property=\"og:title\" content=\"SANKTJOHANSER | tables\" \/>\n<meta property=\"og:description\" content=\"striking differences separate things. small differences sometimes create complex connections that initially defy description. the eye understands them immediately.  euklid is a family of tables in solid wood whose appearance is characterized by a subtle interplay of simple joints of surfaces. the table top is round &#8216;R&#8217; or square &#8216;Q&#8217;. the frame is cross-shaped &#8216;X&#8217; or in two variants of a t-shaped base: the cantilever sits centrally on the bulkhead &#8216;L&#8217;, or the bulkhead sits centrally on the cantilever &#8216;T&#8217;. heights and dimensions are freely selectable.   configurator\" \/>\n<meta property=\"og:url\" content=\"https:\/\/www.sanktjohanser.net\/en\/tables\/\" \/>\n<meta property=\"og:site_name\" content=\"sanktjohanser\" \/>\n<meta name=\"twitter:card\" content=\"summary_large_image\" \/>\n<!-- \/ Yoast SEO plugin. -->","yoast_head_json":{"title":"SANKTJOHANSER | tables","robots":{"index":"index","follow":"follow","max-snippet":"max-snippet:-1","max-image-preview":"max-image-preview:large","max-video-preview":"max-video-preview:-1"},"canonical":"https:\/\/www.sanktjohanser.net\/en\/tables\/","og_locale":"en_US","og_type":"article","og_title":"SANKTJOHANSER | tables","og_description":"striking differences separate things. small differences sometimes create complex connections that initially defy description. the eye understands them immediately.  euklid is a family of tables in solid wood whose appearance is characterized by a subtle interplay of simple joints of surfaces. the table top is round &#8216;R&#8217; or square &#8216;Q&#8217;. the frame is cross-shaped &#8216;X&#8217; or in two variants of a t-shaped base: the cantilever sits centrally on the bulkhead &#8216;L&#8217;, or the bulkhead sits centrally on the cantilever &#8216;T&#8217;. heights and dimensions are freely selectable.   configurator","og_url":"https:\/\/www.sanktjohanser.net\/en\/tables\/","og_site_name":"sanktjohanser","twitter_card":"summary_large_image","schema":{"@context":"https:\/\/schema.org","@graph":[{"@type":"WebPage","@id":"https:\/\/www.sanktjohanser.net\/en\/tables\/","url":"https:\/\/www.sanktjohanser.net\/en\/tables\/","name":"SANKTJOHANSER | tables","isPartOf":{"@id":"https:\/\/www.sanktjohanser.net\/en\/#website"},"datePublished":"2015-08-19T16:13:43+00:00","breadcrumb":{"@id":"https:\/\/www.sanktjohanser.net\/en\/tables\/#breadcrumb"},"inLanguage":"en-US","potentialAction":[{"@type":"ReadAction","target":["https:\/\/www.sanktjohanser.net\/en\/tables\/"]}]},{"@type":"BreadcrumbList","@id":"https:\/\/www.sanktjohanser.net\/en\/tables\/#breadcrumb","itemListElement":[{"@type":"ListItem","position":1,"name":"Home","item":"https:\/\/www.sanktjohanser.net\/en\/"},{"@type":"ListItem","position":2,"name":"tables"}]},{"@type":"WebSite","@id":"https:\/\/www.sanktjohanser.net\/en\/#website","url":"https:\/\/www.sanktjohanser.net\/en\/","name":"sanktjohanser","description":"2020","publisher":{"@id":"https:\/\/www.sanktjohanser.net\/en\/#organization"},"potentialAction":[{"@type":"SearchAction","target":{"@type":"EntryPoint","urlTemplate":"https:\/\/www.sanktjohanser.net\/en\/?s={search_term_string}"},"query-input":{"@type":"PropertyValueSpecification","valueRequired":true,"valueName":"search_term_string"}}],"inLanguage":"en-US"},{"@type":"Organization","@id":"https:\/\/www.sanktjohanser.net\/en\/#organization","name":"Sanktjohanser Hubert und Matthias GbR","url":"https:\/\/www.sanktjohanser.net\/en\/","logo":{"@type":"ImageObject","inLanguage":"en-US","@id":"https:\/\/www.sanktjohanser.net\/en\/#\/schema\/logo\/image\/","url":"https:\/\/www.sanktjohanser.net\/wp-content\/files\/sanktjohanser_schriftzug.svg","contentUrl":"https:\/\/www.sanktjohanser.net\/wp-content\/files\/sanktjohanser_schriftzug.svg","width":1,"height":1,"caption":"Sanktjohanser Hubert und Matthias GbR"},"image":{"@id":"https:\/\/www.sanktjohanser.net\/en\/#\/schema\/logo\/image\/"},"sameAs":["https:\/\/www.instagram.com\/kollektion_sanktjohanser\/"]}]}},"_links":{"self":[{"href":"https:\/\/www.sanktjohanser.net\/en\/wp-json\/wp\/v2\/pages\/867","targetHints":{"allow":["GET"]}}],"collection":[{"href":"https:\/\/www.sanktjohanser.net\/en\/wp-json\/wp\/v2\/pages"}],"about":[{"href":"https:\/\/www.sanktjohanser.net\/en\/wp-json\/wp\/v2\/types\/page"}],"author":[{"embeddable":true,"href":"https:\/\/www.sanktjohanser.net\/en\/wp-json\/wp\/v2\/users\/1"}],"replies":[{"embeddable":true,"href":"https:\/\/www.sanktjohanser.net\/en\/wp-json\/wp\/v2\/comments?post=867"}],"version-history":[{"count":0,"href":"https:\/\/www.sanktjohanser.net\/en\/wp-json\/wp\/v2\/pages\/867\/revisions"}],"wp:attachment":[{"href":"https:\/\/www.sanktjohanser.net\/en\/wp-json\/wp\/v2\/media?parent=867"}],"curies":[{"name":"wp","href":"https:\/\/api.w.org\/{rel}","templated":true}]}}